{"id":1105,"date":"2021-05-04T14:50:47","date_gmt":"2021-05-04T12:50:47","guid":{"rendered":"https:\/\/evoge.de\/?page_id=1105"},"modified":"2024-02-01T14:17:23","modified_gmt":"2024-02-01T13:17:23","slug":"vorrats-ug-kaufen","status":"publish","type":"page","link":"https:\/\/evoge.de\/de\/vorratsgesellschaft\/vorrats-ug-kaufen\/","title":{"rendered":"Vorrats UG kaufen"},"content":{"rendered":"<p><div class=\"fusion-fullwidth fullwidth-box fusion-builder-row-1 fusion-flex-container nonhundred-percent-fullwidth non-hundred-percent-height-scrolling\" style=\"--awb-border-radius-top-left:0px;--awb-border-radius-top-right:0px;--awb-border-radius-bottom-right:0px;--awb-border-radius-bottom-left:0px;--awb-margin-top:40px;--awb-margin-bottom:80px;--awb-flex-wrap:wrap;\" ><div class=\"fusion-builder-row fusion-row fusion-flex-align-items-flex-start fusion-flex-justify-content-center fusion-flex-content-wrap\" style=\"max-width:1456px;margin-left: calc(-4% \/ 2 );margin-right: calc(-4% \/ 2 );\"><div class=\"fusion-layout-column fusion_builder_column fusion-builder-column-0 fusion_builder_column_2_3 2_3 fusion-flex-column\" style=\"--awb-bg-size:cover;--awb-width-large:66.6666666667%;--awb-margin-top-large:0px;--awb-spacing-right-large:2.88%;--awb-margin-bottom-large:20px;--awb-spacing-left-large:2.88%;--awb-width-medium:100%;--awb-spacing-right-medium:1.92%;--awb-spacing-left-medium:1.92%;--awb-width-small:100%;--awb-spacing-right-small:1.92%;--awb-spacing-left-small:1.92%;\"><div class=\"fusion-column-wrapper fusion-column-has-shadow fusion-flex-justify-content-flex-start fusion-content-layout-column\"><div class=\"fusion-text fusion-text-1\"><h2 style=\"text-align: center;\">Erwerb einer UG-Vorratsgesellschaft<\/h2>\n<p>Die Vorratsgesellschaften der EVOGE GmbH sind sofort verf\u00fcgbare Gesellschaften, die bereits <strong>im Handelsregister eingetragen<\/strong> sind und noch nicht gesch\u00e4ftlich aktiv waren. Folglich existieren keine Verbindlichkeiten oder anderweitige Verpflichtungen. Die Gesellschaften verf\u00fcgen bei Erwerb \u00fcber ein <strong>vollst\u00e4ndig eingezahltes Stammkapital<\/strong> und es besteht die Option zur <strong>\u00dcbernahme des Gesch\u00e4ftskontos<\/strong> mit deutscher IBAN. Zudem ist bereits eine <strong>Steuernummer vorhanden<\/strong>. Agieren Sie flexibel und unb\u00fcrokratisch und konzentrieren Sie sich direkt auf Ihre Unternehmung und Vorhaben. Bei EVOGE k\u00f6nnen Sie aus einem <strong>bundesweiten<\/strong> Angebot an <strong>Gr\u00fcndungsstandorten <\/strong>w\u00e4hlen.<\/p>\n<\/div><\/div><\/div><\/div><\/div><div class=\"fusion-fullwidth fullwidth-box fusion-builder-row-2 fusion-flex-container nonhundred-percent-fullwidth non-hundred-percent-height-scrolling\" style=\"--awb-border-radius-top-left:0px;--awb-border-radius-top-right:0px;--awb-border-radius-bottom-right:0px;--awb-border-radius-bottom-left:0px;--awb-padding-top:70px;--awb-padding-right:60px;--awb-padding-bottom:50px;--awb-padding-left:60px;--awb-margin-top:50px;--awb-background-color:#ebebeb;--awb-flex-wrap:wrap;\" ><div class=\"fusion-builder-row fusion-row fusion-flex-align-items-center fusion-flex-justify-content-center fusion-flex-content-wrap\" style=\"max-width:1456px;margin-left: calc(-4% \/ 2 );margin-right: calc(-4% \/ 2 );\"><div class=\"fusion-layout-column fusion_builder_column fusion-builder-column-1 fusion_builder_column_2_3 2_3 fusion-flex-column\" style=\"--awb-bg-size:cover;--awb-width-large:66.6666666667%;--awb-margin-top-large:0px;--awb-spacing-right-large:2.88%;--awb-margin-bottom-large:20px;--awb-spacing-left-large:2.88%;--awb-width-medium:100%;--awb-spacing-right-medium:1.92%;--awb-spacing-left-medium:1.92%;--awb-width-small:100%;--awb-spacing-right-small:1.92%;--awb-spacing-left-small:1.92%;\"><div class=\"fusion-column-wrapper fusion-column-has-shadow fusion-flex-justify-content-flex-start fusion-content-layout-column\"><div class=\"fusion-text fusion-text-2\"><h3 style=\"text-align: center;\">Fakten und Vorteile: Erwerb einer UG<\/h3>\n<\/div><ul style=\"--awb-iconcolor:#32587c;--awb-divider-color:#cccccc;--awb-line-height:27.2px;--awb-icon-width:27.2px;--awb-icon-height:27.2px;--awb-icon-margin:11.2px;--awb-content-margin:38.4px;\" class=\"fusion-checklist fusion-checklist-1 fusion-checklist-default fusion-checklist-divider type-icons\"><li class=\"fusion-li-item\" style=\"\"><span class=\"icon-wrapper circle-no\"><i class=\"fusion-li-icon fa-arrow-alt-circle-right fas\" aria-hidden=\"true\"><\/i><\/span><div class=\"fusion-li-item-content\">Chance der direkten operativen Gesch\u00e4ftst\u00e4tigkeit mit fertig gegr\u00fcndeter Gesellschaft ohne Risiken<\/div><\/li><li class=\"fusion-li-item\" style=\"\"><span class=\"icon-wrapper circle-no\"><i class=\"fusion-li-icon fa-arrow-alt-circle-right fas\" aria-hidden=\"true\"><\/i><\/span><div class=\"fusion-li-item-content\">\u00dcbernahmef\u00e4higes Bankkonto bei einer deutschen Bank<\/div><\/li><li class=\"fusion-li-item\" style=\"\"><span class=\"icon-wrapper circle-no\"><i class=\"fusion-li-icon fa-arrow-alt-circle-right fas\" aria-hidden=\"true\"><\/i><\/span><div class=\"fusion-li-item-content\">\n<p>Stammkapital voll eingezahlt: 300 \u20ac<\/p>\n<\/div><\/li><li class=\"fusion-li-item\" style=\"\"><span class=\"icon-wrapper circle-no\"><i class=\"fusion-li-icon fa-arrow-alt-circle-right fas\" aria-hidden=\"true\"><\/i><\/span><div class=\"fusion-li-item-content\">\n<p>Steuernummer vorhanden<\/p>\n<\/div><\/li><li class=\"fusion-li-item\" style=\"\"><span class=\"icon-wrapper circle-no\"><i class=\"fusion-li-icon fa-arrow-alt-circle-right fas\" aria-hidden=\"true\"><\/i><\/span><div class=\"fusion-li-item-content\">Transparente, sichere und erprobte Abwicklungsprozesse<\/div><\/li><li class=\"fusion-li-item\" style=\"\"><span class=\"icon-wrapper circle-no\"><i class=\"fusion-li-icon fa-arrow-alt-circle-right fas\" aria-hidden=\"true\"><\/i><\/span><div class=\"fusion-li-item-content\">Beratung durch Spezialisten<\/div><\/li><li class=\"fusion-li-item\" style=\"\"><span class=\"icon-wrapper circle-no\"><i class=\"fusion-li-icon fa-arrow-alt-circle-right fas\" aria-hidden=\"true\"><\/i><\/span><div class=\"fusion-li-item-content\">\n<p>Bundesweite Gr\u00fcndungsstandorte (Aachen, Berlin, Bochum, Bonn, Dresden, D\u00fcsseldorf, Frankfurt, Hamburg, Hannover, Kiel, K\u00f6ln, Leipzig, Leverkusen, Magdeburg, Mainz, Mannheim, M\u00fcnchen, Neuss, Osnabr\u00fcck Stuttgart oder Wunschstandort)<\/p>\n<\/div><\/li><li class=\"fusion-li-item\" style=\"\"><span class=\"icon-wrapper circle-no\"><i class=\"fusion-li-icon fa-arrow-alt-circle-right fas\" aria-hidden=\"true\"><\/i><\/span><div class=\"fusion-li-item-content\">\n<p>Kaufpreis: 1.900 \u20ac inklusive pers\u00f6nlicher Beratung (im Kaufpreis inkludiert sind das Stammkapital in H\u00f6he von 300 \u20ac und alle bisher angefallenen Gr\u00fcndungskosten, Geb\u00fchren und Auslagen; nicht inbegriffen sind die Notar- und Gerichtskosten f\u00fcr die \u00dcbertragung der Anteile auf den Erwerber)<\/p>\n<\/div><\/li><li class=\"fusion-li-item\" style=\"\"><span class=\"icon-wrapper circle-no\"><i class=\"fusion-li-icon fa-arrow-alt-circle-right fas\" aria-hidden=\"true\"><\/i><\/span><div class=\"fusion-li-item-content\">\n<p>Kaufpreiszahlung: vorab per \u00dcberweisung oder Einzahlung auf ein Anderkonto des Notars (Mehrkosten tr\u00e4gt der Erwerber) oder Gutsagung durch Anwalts-, Steuerberatungs- oder Wirtschaftspr\u00fcfungskanzlei<\/p>\n<\/div><\/li><\/ul><div class=\"fusion-separator fusion-full-width-sep\" style=\"align-self: center;margin-left: auto;margin-right: auto;margin-top:40px;margin-bottom:5px;width:100%;\"><\/div><a class=\"fusion-modal-text-link\" data-toggle=\"modal\" data-target=\".fusion-modal.ug-kauf\" href=\"#\"><button class=\"button button3\">Reservieren\/Anfrage<\/button><\/a><div class=\"fusion-modal modal fade modal-1 ug-kauf\" tabindex=\"-1\" role=\"dialog\" aria-labelledby=\"modal-heading-1\" aria-hidden=\"true\" style=\"--awb-border-color:#ebebeb;--awb-background:#ebebeb;\"><div class=\"modal-dialog modal-lg\" role=\"document\"><div class=\"modal-content fusion-modal-content\"><div class=\"modal-header\"><button class=\"close\" type=\"button\" data-dismiss=\"modal\" aria-hidden=\"true\" aria-label=\"Close\">&times;<\/button><h3 class=\"modal-title\" id=\"modal-heading-1\" data-dismiss=\"modal\" aria-hidden=\"true\">Anfrage f\u00fcr eine UG (hb) <\/h3><\/div><div class=\"modal-body fusion-clearfix\">\n<div class=\"frm_forms  with_frm_style frm_style_formidable-style\" id=\"frm_form_2_container\" >\n<form enctype=\"multipart\/form-data\" method=\"post\" class=\"frm-show-form \" id=\"form_contact-form3f8812e704\" >\n<div class=\"frm_form_fields \">\n<fieldset>\n<legend class=\"frm_screen_reader\">GmbH<\/legend>\r\n\r\n<div class=\"frm_fields_container\">\n<input type=\"hidden\" name=\"frm_action\" value=\"create\" \/>\n<input type=\"hidden\" name=\"form_id\" value=\"2\" \/>\n<input type=\"hidden\" name=\"frm_hide_fields_2\" id=\"frm_hide_fields_2\" value=\"\" \/>\n<input type=\"hidden\" name=\"form_key\" value=\"contact-form3f8812e704\" \/>\n<input type=\"hidden\" name=\"item_meta[0]\" value=\"\" \/>\n<input type=\"hidden\" id=\"frm_submit_entry_2\" name=\"frm_submit_entry_2\" value=\"52504c500b\" \/><input type=\"hidden\" name=\"_wp_http_referer\" value=\"\/de\/wp-json\/wp\/v2\/pages\/1105\" \/><div id=\"frm_field_13_container\" class=\"frm_form_field form-field  frm_required_field frm_top_container frm_ frm12\">\r\n    <label for=\"field_qh4icycdc6cd2127\" id=\"field_qh4icycdc6cd2127_label\" class=\"frm_primary_label\">Name\r\n        <span class=\"frm_required\">*<\/span>\r\n    <\/label>\r\n    <input type=\"text\" id=\"field_qh4icycdc6cd2127\" name=\"item_meta[13]\" value=\"\"  data-reqmsg=\"Dieses Feld darf nicht leer sein.\" aria-required=\"true\" data-invmsg=\"Name ist ung\u00fcltig\" aria-invalid=\"false\"  \/>\r\n    \r\n    \r\n<\/div>\n<div id=\"frm_field_14_container\" class=\"frm_form_field form-field  frm_top_container frm_half\">\r\n    <label for=\"field_vpuip4d0fc298f6\" id=\"field_vpuip4d0fc298f6_label\" class=\"frm_primary_label\">Firma\r\n        <span class=\"frm_required\"><\/span>\r\n    <\/label>\r\n    <input type=\"text\" id=\"field_vpuip4d0fc298f6\" name=\"item_meta[14]\" value=\"\"  data-invmsg=\"Text ist ung\u00fcltig\" aria-invalid=\"false\"  \/>\r\n    \r\n    \r\n<\/div>\n<div id=\"frm_field_15_container\" class=\"frm_form_field form-field  frm_required_field frm_top_container frm_half\">\r\n    <label for=\"field_tgnfd0b6835164a\" id=\"field_tgnfd0b6835164a_label\" class=\"frm_primary_label\">Telefonnummer \r\n        <span class=\"frm_required\">*<\/span>\r\n    <\/label>\r\n    <input type=\"tel\" id=\"field_tgnfd0b6835164a\" name=\"item_meta[15]\" value=\"\"  data-reqmsg=\"Dieses Feld darf nicht leer sein.\" aria-required=\"true\" data-invmsg=\"Telefon ist ung\u00fcltig\" aria-invalid=\"false\" pattern=\"((\\+\\d{1,3}(-|.| )?\\(?\\d\\)?(-| |.)?\\d{1,5})|(\\(?\\d{2,6}\\)?))(-|.| )?(\\d{3,4})(-|.| )?(\\d{4})(( x| ext)\\d{1,5}){0,1}$\"  \/>\r\n    \r\n    \r\n<\/div>\n<div id=\"frm_field_16_container\" class=\"frm_form_field form-field  frm_required_field frm_top_container frm_first frm_half\">\r\n    <label for=\"field_e6lis6df47c2b4c5\" id=\"field_e6lis6df47c2b4c5_label\" class=\"frm_primary_label\">E-Mail\r\n        <span class=\"frm_required\">*<\/span>\r\n    <\/label>\r\n    <input type=\"text\" id=\"field_e6lis6df47c2b4c5\" name=\"item_meta[16]\" value=\"\"  data-reqmsg=\"Dieses Feld darf nicht leer sein.\" aria-required=\"true\" data-invmsg=\"Subject ist ung\u00fcltig\" aria-invalid=\"false\"  \/>\r\n    \r\n    \r\n<\/div>\n<div id=\"frm_field_17_container\" class=\"frm_form_field form-field  frm_top_container frm_half\">\r\n    <label for=\"field_qtyh8f5b62bd7aa\" id=\"field_qtyh8f5b62bd7aa_label\" class=\"frm_primary_label\">Betreff\r\n        <span class=\"frm_required\"><\/span>\r\n    <\/label>\r\n    \t\t<select name=\"item_meta[17]\" id=\"field_qtyh8f5b62bd7aa\"  data-invmsg=\"Betreff ist ung\u00fcltig\" aria-invalid=\"false\"  >\n\t\t<option  value=\"Anfrage\">Anfrage<\/option><option  value=\"Reservierung\">Reservierung<\/option>\t<\/select>\n\t\r\n    \r\n    \r\n<\/div>\n<div id=\"frm_field_18_container\" class=\"frm_form_field form-field  frm_required_field frm_top_container frm_full\">\r\n    <label for=\"field_9jv0r1e4df077ff9\" id=\"field_9jv0r1e4df077ff9_label\" class=\"frm_primary_label\">Nachricht\r\n        <span class=\"frm_required\">*<\/span>\r\n    <\/label>\r\n    <textarea name=\"item_meta[18]\" id=\"field_9jv0r1e4df077ff9\" rows=\"5\"  data-reqmsg=\"Dieses Feld darf nicht leer sein.\" aria-required=\"true\" data-invmsg=\"Nachricht ist ung\u00fcltig\" aria-invalid=\"false\"  ><\/textarea>\r\n    \r\n    \r\n<\/div>\n<div id=\"frm_field_197_container\" class=\"frm_form_field form-field \">\r\n\t<div class=\"frm_submit\">\r\n\r\n<button class=\"frm_button_submit\" type=\"submit\"  >Senden<\/button>\r\n\r\n<\/div>\r\n<\/div>\n\t<input type=\"hidden\" name=\"item_key\" value=\"\" \/>\n\t\t\t\t<div class=\"frm__6756ffe9e226c\">\n\t\t\t\t<label for=\"frm_email_2\" >\n\t\t\t\t\tFalls Du menschlich bist, lasse dieses Feld leer.\t\t\t\t<\/label>\n\t\t\t\t<input  id=\"frm_email_2\" type=\"text\" class=\"frm_verify\" name=\"frm__6756ffe9e226c\" value=\"\" autocomplete=\"off\"  \/>\n\t\t\t<\/div>\n\t\t<\/div>\n<\/fieldset>\n<\/div>\n\n<\/form>\n<\/div>\n\n*Pflichtfeld<br \/>\nBitte beachten Sie unsere <a href=\"https:\/\/evoge.de\/datenschutzerklaerung\/\">Datenschutzerkl\u00e4rung.<\/a><\/p>\n<\/div><\/div><\/div><\/div><\/div><\/div><\/div><\/div><div class=\"fusion-fullwidth fullwidth-box fusion-builder-row-3 fusion-flex-container nonhundred-percent-fullwidth non-hundred-percent-height-scrolling\" style=\"--awb-border-radius-top-left:0px;--awb-border-radius-top-right:0px;--awb-border-radius-bottom-right:0px;--awb-border-radius-bottom-left:0px;--awb-margin-top:40px;--awb-flex-wrap:wrap;\" ><div class=\"fusion-builder-row fusion-row fusion-flex-align-items-center fusion-flex-justify-content-center fusion-flex-content-wrap\" style=\"max-width:1456px;margin-left: calc(-4% \/ 2 );margin-right: calc(-4% \/ 2 );\"><div class=\"fusion-layout-column fusion_builder_column fusion-builder-column-2 fusion_builder_column_1_2 1_2 fusion-flex-column\" style=\"--awb-bg-size:cover;--awb-width-large:50%;--awb-margin-top-large:0px;--awb-spacing-right-large:3.84%;--awb-margin-bottom-large:20px;--awb-spacing-left-large:3.84%;--awb-width-medium:100%;--awb-order-medium:0;--awb-spacing-right-medium:1.92%;--awb-spacing-left-medium:1.92%;--awb-width-small:100%;--awb-order-small:0;--awb-spacing-right-small:1.92%;--awb-spacing-left-small:1.92%;\"><div class=\"fusion-column-wrapper fusion-column-has-shadow fusion-flex-justify-content-flex-start fusion-content-layout-column\"><div class=\"fusion-lottie fusion-lottie-1\" data-id=\"1\" style=\"--awb-max-width:400px;--awb-width:100%;\"><div class=\"fusion-lottie-animation lg-ml-auto lg-ml-auto\" data-path=\"https:\/\/evoge.de\/wp-content\/uploads\/2021\/05\/lf30_editor_wsxiux1i.json\" data-loop=\"1\" data-reverse=\"0\" data-speed=\"1\" data-trigger=\"none\"><lottie-player loop=\"1\" speed=\"1\"><\/lottie-player><\/div><\/div><\/div><\/div><div class=\"fusion-layout-column fusion_builder_column fusion-builder-column-3 fusion_builder_column_1_2 1_2 fusion-flex-column\" style=\"--awb-bg-size:cover;--awb-width-large:50%;--awb-margin-top-large:0px;--awb-spacing-right-large:3.84%;--awb-margin-bottom-large:20px;--awb-spacing-left-large:3.84%;--awb-width-medium:100%;--awb-order-medium:0;--awb-spacing-right-medium:1.92%;--awb-spacing-left-medium:1.92%;--awb-width-small:100%;--awb-order-small:0;--awb-spacing-right-small:1.92%;--awb-spacing-left-small:1.92%;\"><div class=\"fusion-column-wrapper fusion-column-has-shadow fusion-flex-justify-content-flex-start fusion-content-layout-column\"><div class=\"fusion-text fusion-text-3\"><h3>Kontaktieren Sie uns.<\/h3>\n<p>Templergraben 13, 52062 Aachen<br \/>\nTelefon: <a href=\"tel:+4924199770516\">0241-99770516<\/a><br \/>\nMobil: <a href=\"tel:+49151-54234123\">0151-54234123<\/a><\/p>\n<p>Telefax: 0241-99770517<br \/>\nE-Mail: <a href=\"mailto:info@evoge.de\">info@evoge.de<\/a><\/p>\n<\/div><\/div><\/div><\/div><\/div>\n<\/p>\n","protected":false},"excerpt":{"rendered":"","protected":false},"author":1,"featured_media":0,"parent":590,"menu_order":0,"comment_status":"closed","ping_status":"closed","template":"100-width.php","meta":{"footnotes":""},"class_list":["post-1105","page","type-page","status-publish","hentry"],"yoast_head":"<!-- This site is optimized with the Yoast SEO plugin v24.6 - https:\/\/yoast.com\/wordpress\/plugins\/seo\/ -->\n<title>Vorrats UG kaufen | Erwerb einer Vorratsgesellschaft<\/title>\n<meta name=\"description\" content=\"Vorrats UG kaufen | mit Steuernummer | einfache Abwicklung | sofort verf\u00fcgbar | direkt handlungsf\u00e4hig | mit Bankkonto | hier anfragen!\" \/>\n<meta name=\"robots\" content=\"index, follow, max-snippet:-1, max-image-preview:large, max-video-preview:-1\" \/>\n<link rel=\"canonical\" href=\"https:\/\/evoge.de\/de\/vorratsgesellschaft\/vorrats-ug-kaufen\/\" \/>\n<meta property=\"og:locale\" content=\"de_DE\" \/>\n<meta property=\"og:type\" content=\"article\" \/>\n<meta property=\"og:title\" content=\"Vorrats UG kaufen | Erwerb einer Vorratsgesellschaft\" \/>\n<meta property=\"og:description\" content=\"Vorrats UG kaufen | mit Steuernummer | einfache Abwicklung | sofort verf\u00fcgbar | direkt handlungsf\u00e4hig | mit Bankkonto | hier anfragen!\" \/>\n<meta property=\"og:url\" content=\"https:\/\/evoge.de\/de\/vorratsgesellschaft\/vorrats-ug-kaufen\/\" \/>\n<meta property=\"og:site_name\" content=\"EVOGE GmbH\" \/>\n<meta property=\"article:modified_time\" content=\"2024-02-01T13:17:23+00:00\" \/>\n<meta property=\"og:image\" content=\"https:\/\/evoge.de\/wp-content\/uploads\/2021\/01\/EVOGE_Logo@2x.png\" \/>\n\t<meta property=\"og:image:width\" content=\"500\" \/>\n\t<meta property=\"og:image:height\" content=\"219\" \/>\n\t<meta property=\"og:image:type\" content=\"image\/png\" \/>\n<meta name=\"twitter:card\" content=\"summary_large_image\" \/>\n<meta name=\"twitter:label1\" content=\"Gesch\u00e4tzte Lesezeit\" \/>\n\t<meta name=\"twitter:data1\" content=\"6\u00a0Minuten\" \/>\n<script type=\"application\/ld+json\" class=\"yoast-schema-graph\">{\"@context\":\"https:\/\/schema.org\",\"@graph\":[{\"@type\":\"WebPage\",\"@id\":\"https:\/\/evoge.de\/de\/vorratsgesellschaft\/vorrats-ug-kaufen\/\",\"url\":\"https:\/\/evoge.de\/de\/vorratsgesellschaft\/vorrats-ug-kaufen\/\",\"name\":\"Vorrats UG kaufen | Erwerb einer Vorratsgesellschaft\",\"isPartOf\":{\"@id\":\"https:\/\/evoge.de\/de\/#website\"},\"datePublished\":\"2021-05-04T12:50:47+00:00\",\"dateModified\":\"2024-02-01T13:17:23+00:00\",\"description\":\"Vorrats UG kaufen | mit Steuernummer | einfache Abwicklung | sofort verf\u00fcgbar | direkt handlungsf\u00e4hig | mit Bankkonto | hier anfragen!\",\"breadcrumb\":{\"@id\":\"https:\/\/evoge.de\/de\/vorratsgesellschaft\/vorrats-ug-kaufen\/#breadcrumb\"},\"inLanguage\":\"de\",\"potentialAction\":[{\"@type\":\"ReadAction\",\"target\":[\"https:\/\/evoge.de\/de\/vorratsgesellschaft\/vorrats-ug-kaufen\/\"]}]},{\"@type\":\"BreadcrumbList\",\"@id\":\"https:\/\/evoge.de\/de\/vorratsgesellschaft\/vorrats-ug-kaufen\/#breadcrumb\",\"itemListElement\":[{\"@type\":\"ListItem\",\"position\":1,\"name\":\"Startseite\",\"item\":\"https:\/\/evoge.de\/de\/\"},{\"@type\":\"ListItem\",\"position\":2,\"name\":\"Vorratsgesellschaft\",\"item\":\"https:\/\/evoge.de\/de\/\"},{\"@type\":\"ListItem\",\"position\":3,\"name\":\"Vorrats UG kaufen\"}]},{\"@type\":\"WebSite\",\"@id\":\"https:\/\/evoge.de\/de\/#website\",\"url\":\"https:\/\/evoge.de\/de\/\",\"name\":\"EVOGE GmbH\",\"description\":\"Vorratsgesellschaft kaufen, Unternehmen direkt starten\",\"publisher\":{\"@id\":\"https:\/\/evoge.de\/de\/#organization\"},\"potentialAction\":[{\"@type\":\"SearchAction\",\"target\":{\"@type\":\"EntryPoint\",\"urlTemplate\":\"https:\/\/evoge.de\/de\/?s={search_term_string}\"},\"query-input\":{\"@type\":\"PropertyValueSpecification\",\"valueRequired\":true,\"valueName\":\"search_term_string\"}}],\"inLanguage\":\"de\"},{\"@type\":\"Organization\",\"@id\":\"https:\/\/evoge.de\/de\/#organization\",\"name\":\"EVOGE GmbH\",\"url\":\"https:\/\/evoge.de\/de\/\",\"logo\":{\"@type\":\"ImageObject\",\"inLanguage\":\"de\",\"@id\":\"https:\/\/evoge.de\/de\/#\/schema\/logo\/image\/\",\"url\":\"https:\/\/evoge.de\/wp-content\/uploads\/2021\/01\/EVOGE_Logo@2x.png\",\"contentUrl\":\"https:\/\/evoge.de\/wp-content\/uploads\/2021\/01\/EVOGE_Logo@2x.png\",\"width\":500,\"height\":219,\"caption\":\"EVOGE GmbH\"},\"image\":{\"@id\":\"https:\/\/evoge.de\/de\/#\/schema\/logo\/image\/\"}}]}<\/script>\n<!-- \/ Yoast SEO plugin. -->","yoast_head_json":{"title":"Vorrats UG kaufen | Erwerb einer Vorratsgesellschaft","description":"Vorrats UG kaufen | mit Steuernummer | einfache Abwicklung | sofort verf\u00fcgbar | direkt handlungsf\u00e4hig | mit Bankkonto | hier anfragen!","robots":{"index":"index","follow":"follow","max-snippet":"max-snippet:-1","max-image-preview":"max-image-preview:large","max-video-preview":"max-video-preview:-1"},"canonical":"https:\/\/evoge.de\/de\/vorratsgesellschaft\/vorrats-ug-kaufen\/","og_locale":"de_DE","og_type":"article","og_title":"Vorrats UG kaufen | Erwerb einer Vorratsgesellschaft","og_description":"Vorrats UG kaufen | mit Steuernummer | einfache Abwicklung | sofort verf\u00fcgbar | direkt handlungsf\u00e4hig | mit Bankkonto | hier anfragen!","og_url":"https:\/\/evoge.de\/de\/vorratsgesellschaft\/vorrats-ug-kaufen\/","og_site_name":"EVOGE GmbH","article_modified_time":"2024-02-01T13:17:23+00:00","og_image":[{"width":500,"height":219,"url":"https:\/\/evoge.de\/wp-content\/uploads\/2021\/01\/EVOGE_Logo@2x.png","type":"image\/png"}],"twitter_card":"summary_large_image","twitter_misc":{"Gesch\u00e4tzte Lesezeit":"6\u00a0Minuten"},"schema":{"@context":"https:\/\/schema.org","@graph":[{"@type":"WebPage","@id":"https:\/\/evoge.de\/de\/vorratsgesellschaft\/vorrats-ug-kaufen\/","url":"https:\/\/evoge.de\/de\/vorratsgesellschaft\/vorrats-ug-kaufen\/","name":"Vorrats UG kaufen | Erwerb einer Vorratsgesellschaft","isPartOf":{"@id":"https:\/\/evoge.de\/de\/#website"},"datePublished":"2021-05-04T12:50:47+00:00","dateModified":"2024-02-01T13:17:23+00:00","description":"Vorrats UG kaufen | mit Steuernummer | einfache Abwicklung | sofort verf\u00fcgbar | direkt handlungsf\u00e4hig | mit Bankkonto | hier anfragen!","breadcrumb":{"@id":"https:\/\/evoge.de\/de\/vorratsgesellschaft\/vorrats-ug-kaufen\/#breadcrumb"},"inLanguage":"de","potentialAction":[{"@type":"ReadAction","target":["https:\/\/evoge.de\/de\/vorratsgesellschaft\/vorrats-ug-kaufen\/"]}]},{"@type":"BreadcrumbList","@id":"https:\/\/evoge.de\/de\/vorratsgesellschaft\/vorrats-ug-kaufen\/#breadcrumb","itemListElement":[{"@type":"ListItem","position":1,"name":"Startseite","item":"https:\/\/evoge.de\/de\/"},{"@type":"ListItem","position":2,"name":"Vorratsgesellschaft","item":"https:\/\/evoge.de\/de\/"},{"@type":"ListItem","position":3,"name":"Vorrats UG kaufen"}]},{"@type":"WebSite","@id":"https:\/\/evoge.de\/de\/#website","url":"https:\/\/evoge.de\/de\/","name":"EVOGE GmbH","description":"Vorratsgesellschaft kaufen, Unternehmen direkt starten","publisher":{"@id":"https:\/\/evoge.de\/de\/#organization"},"potentialAction":[{"@type":"SearchAction","target":{"@type":"EntryPoint","urlTemplate":"https:\/\/evoge.de\/de\/?s={search_term_string}"},"query-input":{"@type":"PropertyValueSpecification","valueRequired":true,"valueName":"search_term_string"}}],"inLanguage":"de"},{"@type":"Organization","@id":"https:\/\/evoge.de\/de\/#organization","name":"EVOGE GmbH","url":"https:\/\/evoge.de\/de\/","logo":{"@type":"ImageObject","inLanguage":"de","@id":"https:\/\/evoge.de\/de\/#\/schema\/logo\/image\/","url":"https:\/\/evoge.de\/wp-content\/uploads\/2021\/01\/EVOGE_Logo@2x.png","contentUrl":"https:\/\/evoge.de\/wp-content\/uploads\/2021\/01\/EVOGE_Logo@2x.png","width":500,"height":219,"caption":"EVOGE GmbH"},"image":{"@id":"https:\/\/evoge.de\/de\/#\/schema\/logo\/image\/"}}]}},"_links":{"self":[{"href":"https:\/\/evoge.de\/de\/wp-json\/wp\/v2\/pages\/1105","targetHints":{"allow":["GET"]}}],"collection":[{"href":"https:\/\/evoge.de\/de\/wp-json\/wp\/v2\/pages"}],"about":[{"href":"https:\/\/evoge.de\/de\/wp-json\/wp\/v2\/types\/page"}],"author":[{"embeddable":true,"href":"https:\/\/evoge.de\/de\/wp-json\/wp\/v2\/users\/1"}],"replies":[{"embeddable":true,"href":"https:\/\/evoge.de\/de\/wp-json\/wp\/v2\/comments?post=1105"}],"version-history":[{"count":35,"href":"https:\/\/evoge.de\/de\/wp-json\/wp\/v2\/pages\/1105\/revisions"}],"predecessor-version":[{"id":1915,"href":"https:\/\/evoge.de\/de\/wp-json\/wp\/v2\/pages\/1105\/revisions\/1915"}],"up":[{"embeddable":true,"href":"https:\/\/evoge.de\/de\/wp-json\/wp\/v2\/pages\/590"}],"wp:attachment":[{"href":"https:\/\/evoge.de\/de\/wp-json\/wp\/v2\/media?parent=1105"}],"curies":[{"name":"wp","href":"https:\/\/api.w.org\/{rel}","templated":true}]}}