{"id":1882,"date":"2023-10-06T12:41:04","date_gmt":"2023-10-06T10:41:04","guid":{"rendered":"https:\/\/evoge.de\/?page_id=1882"},"modified":"2023-10-06T13:09:57","modified_gmt":"2023-10-06T11:09:57","slug":"danke-fuer-ihre-nachricht","status":"publish","type":"page","link":"https:\/\/evoge.de\/de\/danke-fuer-ihre-nachricht\/","title":{"rendered":"Danke f\u00fcr Ihre Nachricht"},"content":{"rendered":"<p><div class=\"fusion-fullwidth fullwidth-box fusion-builder-row-1 fusion-flex-container nonhundred-percent-fullwidth non-hundred-percent-height-scrolling\" style=\"--awb-border-radius-top-left:0px;--awb-border-radius-top-right:0px;--awb-border-radius-bottom-right:0px;--awb-border-radius-bottom-left:0px;--awb-margin-top:50px;--awb-margin-bottom:80px;--awb-flex-wrap:wrap;\" ><div class=\"fusion-builder-row fusion-row fusion-flex-align-items-center fusion-flex-justify-content-center fusion-flex-content-wrap\" style=\"max-width:1456px;margin-left: calc(-4% \/ 2 );margin-right: calc(-4% \/ 2 );\"><div class=\"fusion-layout-column fusion_builder_column fusion-builder-column-0 fusion_builder_column_2_3 2_3 fusion-flex-column\" style=\"--awb-bg-size:cover;--awb-width-large:66.6666666667%;--awb-margin-top-large:0px;--awb-spacing-right-large:2.88%;--awb-margin-bottom-large:20px;--awb-spacing-left-large:2.88%;--awb-width-medium:100%;--awb-spacing-right-medium:1.92%;--awb-spacing-left-medium:1.92%;--awb-width-small:100%;--awb-spacing-right-small:1.92%;--awb-spacing-left-small:1.92%;\"><div class=\"fusion-column-wrapper fusion-column-has-shadow fusion-flex-justify-content-flex-start fusion-content-layout-column\"><div class=\"fusion-text fusion-text-1\"><h2 style=\"text-align: center;\">Danke f\u00fcr Ihre Nachricht, wir melden uns schnellstm\u00f6glich bei Ihnen zur\u00fcck!<\/h2>\n<\/div><\/div><\/div><\/div><\/div><div class=\"fusion-fullwidth fullwidth-box fusion-builder-row-2 fusion-flex-container nonhundred-percent-fullwidth non-hundred-percent-height-scrolling\" style=\"--awb-border-radius-top-left:0px;--awb-border-radius-top-right:0px;--awb-border-radius-bottom-right:0px;--awb-border-radius-bottom-left:0px;--awb-margin-top:40px;--awb-flex-wrap:wrap;\" ><div class=\"fusion-builder-row fusion-row fusion-flex-align-items-center fusion-flex-justify-content-center fusion-flex-content-wrap\" style=\"max-width:1456px;margin-left: calc(-4% \/ 2 );margin-right: calc(-4% \/ 2 );\"><div class=\"fusion-layout-column fusion_builder_column fusion-builder-column-1 fusion_builder_column_1_2 1_2 fusion-flex-column\" style=\"--awb-bg-size:cover;--awb-width-large:50%;--awb-margin-top-large:0px;--awb-spacing-right-large:3.84%;--awb-margin-bottom-large:20px;--awb-spacing-left-large:3.84%;--awb-width-medium:100%;--awb-order-medium:0;--awb-spacing-right-medium:1.92%;--awb-spacing-left-medium:1.92%;--awb-width-small:100%;--awb-order-small:0;--awb-spacing-right-small:1.92%;--awb-spacing-left-small:1.92%;\"><div class=\"fusion-column-wrapper fusion-column-has-shadow fusion-flex-justify-content-flex-start fusion-content-layout-column\"><div class=\"fusion-lottie fusion-lottie-1\" data-id=\"1\" style=\"--awb-max-width:400px;--awb-width:100%;\"><div class=\"fusion-lottie-animation lg-ml-auto lg-ml-auto\" data-path=\"https:\/\/evoge.de\/wp-content\/uploads\/2021\/05\/lf30_editor_wsxiux1i.json\" data-loop=\"1\" data-reverse=\"0\" data-speed=\"1\" data-trigger=\"none\"><lottie-player loop=\"1\" speed=\"1\"><\/lottie-player><\/div><\/div><\/div><\/div><div class=\"fusion-layout-column fusion_builder_column fusion-builder-column-2 fusion_builder_column_1_2 1_2 fusion-flex-column\" style=\"--awb-bg-size:cover;--awb-width-large:50%;--awb-margin-top-large:0px;--awb-spacing-right-large:3.84%;--awb-margin-bottom-large:20px;--awb-spacing-left-large:3.84%;--awb-width-medium:100%;--awb-order-medium:0;--awb-spacing-right-medium:1.92%;--awb-spacing-left-medium:1.92%;--awb-width-small:100%;--awb-order-small:0;--awb-spacing-right-small:1.92%;--awb-spacing-left-small:1.92%;\"><div class=\"fusion-column-wrapper fusion-column-has-shadow fusion-flex-justify-content-flex-start fusion-content-layout-column\"><div class=\"fusion-text fusion-text-2\"><h3>Sie haben noch eine Frage? Schreiben Sie uns.<\/h3>\n<p>Krugenofen 59 , 52066 Aachen<br \/>\nTelefon: 0241-99770516<br \/>\nMobil: 0151-54234123<\/p>\n<p>Telefax: <a href=\"tel:+4924199770517\">0241-99770517<\/a><br \/>\nE-Mail: <a href=\"mailto:info@evoge.de\">info@evoge.de<\/a><\/p>\n<\/div><\/div><\/div><\/div><\/div><\/p>\n","protected":false},"excerpt":{"rendered":"","protected":false},"author":1,"featured_media":0,"parent":0,"menu_order":0,"comment_status":"closed","ping_status":"closed","template":"100-width.php","meta":{"footnotes":""},"class_list":["post-1882","page","type-page","status-publish","hentry"],"yoast_head":"<!-- This site is optimized with the Yoast SEO plugin v24.6 - https:\/\/yoast.com\/wordpress\/plugins\/seo\/ -->\n<title>Danke f\u00fcr Ihre Nachricht - EVOGE GmbH<\/title>\n<meta name=\"robots\" content=\"index, follow, max-snippet:-1, max-image-preview:large, max-video-preview:-1\" \/>\n<link rel=\"canonical\" href=\"https:\/\/evoge.de\/de\/danke-fuer-ihre-nachricht\/\" \/>\n<meta property=\"og:locale\" content=\"de_DE\" \/>\n<meta property=\"og:type\" content=\"article\" \/>\n<meta property=\"og:title\" content=\"Danke f\u00fcr Ihre Nachricht - EVOGE GmbH\" \/>\n<meta property=\"og:url\" content=\"https:\/\/evoge.de\/de\/danke-fuer-ihre-nachricht\/\" \/>\n<meta property=\"og:site_name\" content=\"EVOGE GmbH\" \/>\n<meta property=\"article:modified_time\" content=\"2023-10-06T11:09:57+00:00\" \/>\n<meta property=\"og:image\" content=\"https:\/\/evoge.de\/wp-content\/uploads\/2021\/01\/EVOGE_Logo@2x.png\" \/>\n\t<meta property=\"og:image:width\" content=\"500\" \/>\n\t<meta property=\"og:image:height\" content=\"219\" \/>\n\t<meta property=\"og:image:type\" content=\"image\/png\" \/>\n<meta name=\"twitter:card\" content=\"summary_large_image\" \/>\n<meta name=\"twitter:label1\" content=\"Gesch\u00e4tzte Lesezeit\" \/>\n\t<meta name=\"twitter:data1\" content=\"4\u00a0Minuten\" \/>\n<script type=\"application\/ld+json\" class=\"yoast-schema-graph\">{\"@context\":\"https:\/\/schema.org\",\"@graph\":[{\"@type\":\"WebPage\",\"@id\":\"https:\/\/evoge.de\/de\/danke-fuer-ihre-nachricht\/\",\"url\":\"https:\/\/evoge.de\/de\/danke-fuer-ihre-nachricht\/\",\"name\":\"Danke f\u00fcr Ihre Nachricht - EVOGE GmbH\",\"isPartOf\":{\"@id\":\"https:\/\/evoge.de\/de\/#website\"},\"datePublished\":\"2023-10-06T10:41:04+00:00\",\"dateModified\":\"2023-10-06T11:09:57+00:00\",\"breadcrumb\":{\"@id\":\"https:\/\/evoge.de\/de\/danke-fuer-ihre-nachricht\/#breadcrumb\"},\"inLanguage\":\"de\",\"potentialAction\":[{\"@type\":\"ReadAction\",\"target\":[\"https:\/\/evoge.de\/de\/danke-fuer-ihre-nachricht\/\"]}]},{\"@type\":\"BreadcrumbList\",\"@id\":\"https:\/\/evoge.de\/de\/danke-fuer-ihre-nachricht\/#breadcrumb\",\"itemListElement\":[{\"@type\":\"ListItem\",\"position\":1,\"name\":\"Startseite\",\"item\":\"https:\/\/evoge.de\/de\/\"},{\"@type\":\"ListItem\",\"position\":2,\"name\":\"Danke f\u00fcr Ihre Nachricht\"}]},{\"@type\":\"WebSite\",\"@id\":\"https:\/\/evoge.de\/de\/#website\",\"url\":\"https:\/\/evoge.de\/de\/\",\"name\":\"EVOGE GmbH\",\"description\":\"Vorratsgesellschaft kaufen, Unternehmen direkt starten\",\"publisher\":{\"@id\":\"https:\/\/evoge.de\/de\/#organization\"},\"potentialAction\":[{\"@type\":\"SearchAction\",\"target\":{\"@type\":\"EntryPoint\",\"urlTemplate\":\"https:\/\/evoge.de\/de\/?s={search_term_string}\"},\"query-input\":{\"@type\":\"PropertyValueSpecification\",\"valueRequired\":true,\"valueName\":\"search_term_string\"}}],\"inLanguage\":\"de\"},{\"@type\":\"Organization\",\"@id\":\"https:\/\/evoge.de\/de\/#organization\",\"name\":\"EVOGE GmbH\",\"url\":\"https:\/\/evoge.de\/de\/\",\"logo\":{\"@type\":\"ImageObject\",\"inLanguage\":\"de\",\"@id\":\"https:\/\/evoge.de\/de\/#\/schema\/logo\/image\/\",\"url\":\"https:\/\/evoge.de\/wp-content\/uploads\/2021\/01\/EVOGE_Logo@2x.png\",\"contentUrl\":\"https:\/\/evoge.de\/wp-content\/uploads\/2021\/01\/EVOGE_Logo@2x.png\",\"width\":500,\"height\":219,\"caption\":\"EVOGE GmbH\"},\"image\":{\"@id\":\"https:\/\/evoge.de\/de\/#\/schema\/logo\/image\/\"}}]}<\/script>\n<!-- \/ Yoast SEO plugin. -->","yoast_head_json":{"title":"Danke f\u00fcr Ihre Nachricht - EVOGE GmbH","robots":{"index":"index","follow":"follow","max-snippet":"max-snippet:-1","max-image-preview":"max-image-preview:large","max-video-preview":"max-video-preview:-1"},"canonical":"https:\/\/evoge.de\/de\/danke-fuer-ihre-nachricht\/","og_locale":"de_DE","og_type":"article","og_title":"Danke f\u00fcr Ihre Nachricht - EVOGE GmbH","og_url":"https:\/\/evoge.de\/de\/danke-fuer-ihre-nachricht\/","og_site_name":"EVOGE GmbH","article_modified_time":"2023-10-06T11:09:57+00:00","og_image":[{"width":500,"height":219,"url":"https:\/\/evoge.de\/wp-content\/uploads\/2021\/01\/EVOGE_Logo@2x.png","type":"image\/png"}],"twitter_card":"summary_large_image","twitter_misc":{"Gesch\u00e4tzte Lesezeit":"4\u00a0Minuten"},"schema":{"@context":"https:\/\/schema.org","@graph":[{"@type":"WebPage","@id":"https:\/\/evoge.de\/de\/danke-fuer-ihre-nachricht\/","url":"https:\/\/evoge.de\/de\/danke-fuer-ihre-nachricht\/","name":"Danke f\u00fcr Ihre Nachricht - EVOGE GmbH","isPartOf":{"@id":"https:\/\/evoge.de\/de\/#website"},"datePublished":"2023-10-06T10:41:04+00:00","dateModified":"2023-10-06T11:09:57+00:00","breadcrumb":{"@id":"https:\/\/evoge.de\/de\/danke-fuer-ihre-nachricht\/#breadcrumb"},"inLanguage":"de","potentialAction":[{"@type":"ReadAction","target":["https:\/\/evoge.de\/de\/danke-fuer-ihre-nachricht\/"]}]},{"@type":"BreadcrumbList","@id":"https:\/\/evoge.de\/de\/danke-fuer-ihre-nachricht\/#breadcrumb","itemListElement":[{"@type":"ListItem","position":1,"name":"Startseite","item":"https:\/\/evoge.de\/de\/"},{"@type":"ListItem","position":2,"name":"Danke f\u00fcr Ihre Nachricht"}]},{"@type":"WebSite","@id":"https:\/\/evoge.de\/de\/#website","url":"https:\/\/evoge.de\/de\/","name":"EVOGE GmbH","description":"Vorratsgesellschaft kaufen, Unternehmen direkt starten","publisher":{"@id":"https:\/\/evoge.de\/de\/#organization"},"potentialAction":[{"@type":"SearchAction","target":{"@type":"EntryPoint","urlTemplate":"https:\/\/evoge.de\/de\/?s={search_term_string}"},"query-input":{"@type":"PropertyValueSpecification","valueRequired":true,"valueName":"search_term_string"}}],"inLanguage":"de"},{"@type":"Organization","@id":"https:\/\/evoge.de\/de\/#organization","name":"EVOGE GmbH","url":"https:\/\/evoge.de\/de\/","logo":{"@type":"ImageObject","inLanguage":"de","@id":"https:\/\/evoge.de\/de\/#\/schema\/logo\/image\/","url":"https:\/\/evoge.de\/wp-content\/uploads\/2021\/01\/EVOGE_Logo@2x.png","contentUrl":"https:\/\/evoge.de\/wp-content\/uploads\/2021\/01\/EVOGE_Logo@2x.png","width":500,"height":219,"caption":"EVOGE GmbH"},"image":{"@id":"https:\/\/evoge.de\/de\/#\/schema\/logo\/image\/"}}]}},"_links":{"self":[{"href":"https:\/\/evoge.de\/de\/wp-json\/wp\/v2\/pages\/1882","targetHints":{"allow":["GET"]}}],"collection":[{"href":"https:\/\/evoge.de\/de\/wp-json\/wp\/v2\/pages"}],"about":[{"href":"https:\/\/evoge.de\/de\/wp-json\/wp\/v2\/types\/page"}],"author":[{"embeddable":true,"href":"https:\/\/evoge.de\/de\/wp-json\/wp\/v2\/users\/1"}],"replies":[{"embeddable":true,"href":"https:\/\/evoge.de\/de\/wp-json\/wp\/v2\/comments?post=1882"}],"version-history":[{"count":10,"href":"https:\/\/evoge.de\/de\/wp-json\/wp\/v2\/pages\/1882\/revisions"}],"predecessor-version":[{"id":1910,"href":"https:\/\/evoge.de\/de\/wp-json\/wp\/v2\/pages\/1882\/revisions\/1910"}],"wp:attachment":[{"href":"https:\/\/evoge.de\/de\/wp-json\/wp\/v2\/media?parent=1882"}],"curies":[{"name":"wp","href":"https:\/\/api.w.org\/{rel}","templated":true}]}}